{"id":2,"date":"2009-04-23T10:23:06","date_gmt":"2009-04-23T15:23:06","guid":{"rendered":"http:\/\/www.amstradcpc.com\/wordpress\/?page_id=2"},"modified":"2009-12-05T09:44:43","modified_gmt":"2009-12-05T06:44:43","slug":"hakkinda","status":"publish","type":"page","link":"https:\/\/www.amstradcpc.com\/blog\/?page_id=2","title":{"rendered":"Her\u015fey Hakk\u0131nda"},"content":{"rendered":"<p>Hakk\u0131nda b\u00f6l\u00fcm\u00fcn\u00fc yazmak i\u00e7in elimi klavyeye att\u0131\u011f\u0131mda, yan\u0131tlamam gereken iki, hatta ikibu\u00e7uk temel soru oldu\u011funu farkettim.<\/p>\n<p>Birincisi &#8220;Nereden \u00e7\u0131kt\u0131 bu retro sevdas\u0131?&#8221; idi.1984&#8217;de Atari 2600(Meta \u00fcretimi ve birtek Dobi\u015fko kaseti) ile ba\u015flayan bilgisayar ve konsol maceram, 85 Haziran&#8217;\u0131nda Karak\u00f6y Kemeralt\u0131&#8217;ndan, babam\u0131n &#8220;hangisi daha iyi ve e\u011fitime faydal\u0131 olur&#8221; sorusuna sat\u0131c\u0131n\u0131n verdi\u011fi yan\u0131tla ald\u0131\u011f\u0131m\u0131z Amstrad CPC 464(ye\u015fil ekran) ile devam etti. Asl\u0131nda CPC hakk\u0131nda elimde tek sayfal\u0131k bir fotokopi vard\u0131 ve birka\u00e7 ayd\u0131r tekrar tekrar bunu okuyordum ama CPC di\u011fer rakiplerine g\u00f6re neredeyse %50 pahal\u0131 idi. Ben Spectrum 48K&#8217;ya haz\u0131rken CPC almam\u0131z ger\u00e7ekten bir s\u00fcrpriz olmu\u015ftu. \u0130lgin\u00e7tir C64 benim i\u00e7in hi\u00e7bir zaman alternatif olmam\u0131\u015ft\u0131. San\u0131r\u0131m daha bilgisayar almadan okumaya ba\u015flad\u0131\u011f\u0131m E\u011fitimde Bilgisayar gibi dergilerdeki sat\u0131raras\u0131 &#8220;C64&#8217;\u00fcn Basic dili \u00e7ok kullan\u0131\u015fs\u0131z ve zay\u0131f&#8221; yorumlar\u0131 beni \u00e7ok etkilemi\u015fti. CPC ile pek \u00e7ok maceram oldu. Birka\u00e7 \u00f6rnek vermek gerekirse; disket s\u00fcr\u00fcc\u00fc sat\u0131nalma, yay\u0131n bulamama, Kad\u0131k\u00f6y Tanzimci Saadettin, Electromode \u00dcmit,\u00a0 Susa LTD Mustafa Da\u011f, Mert ile kaset \u00e7ekip satmam\u0131z, Z80 assembly \u00f6\u011frenme s\u00fcrecim gibi. Ama bunlar\u0131 ayr\u0131 bir ba\u015fl\u0131k veya ba\u015fl\u0131klar alt\u0131nda yeri geldik\u00e7e anlat\u0131r\u0131m.<\/p>\n<p>Sonra 89 y\u0131l\u0131nda Amiga D\u00fcnyas\u0131na A500 1.2 romlu bir makina ile giri\u015f yapt\u0131m. Cihaz\u0131 g\u00fcmr\u00fcks\u00fcz sat\u0131\u015f ma\u011fazalar\u0131ndan piyasa fiyat\u0131na g\u00f6re biraz daha ucuz bir rakama alm\u0131\u015ft\u0131k. Ko\u015fa ko\u015fa eve geldim A500 ile beraber. Ve sonra makinay\u0131 kurarken \u015fu soruyu sordum kendime: Peki bunu TV&#8217;ye nas\u0131l ba\u011fl\u0131yoruz, ekstra bir\u015fey almam gerekli olsa idi sat\u0131c\u0131 mutlaka s\u00f6ylerdi di mi? Evet tahmin etti\u011finiz gibi, ilk g\u00fcn hevesim kursa\u011f\u0131mda kald\u0131. \u00c7\u00fcnk\u00fc sat\u0131c\u0131 hi\u00e7bir \u015fey s\u00f6ylememi\u015fti ama, ya mod\u00fclat\u00f6r denilen z\u0131mb\u0131rt\u0131y\u0131 alacakt\u0131m ya da bir d\u00fcnya para verip monit\u00f6r. Tabii Amiga&#8217;n\u0131n hat\u0131r\u0131 say\u0131l\u0131r paras\u0131 \u00fczerine bir de monit\u00f6r\u00fc ald\u0131rmak kolay olmayaca\u011f\u0131 i\u00e7in mod\u00fclat\u00f6r masraf\u0131n\u0131 s\u00f6yleyip babama gerekli a\u00e7\u0131klamay\u0131 yapt\u0131m. Ama kendisi CPC zaman\u0131nda TV&#8217;ye hi\u00e7 bula\u015fmam\u0131\u015f olmam\u0131 d\u00fc\u015f\u00fcnerek monit\u00f6r almam\u0131 s\u00f6yledi. &#8220;K\u00f6r\u00fcn istedi\u011fi bir g\u00f6z Allah verdi iki&#8221; \u015feklindeki bu durumda hemen telefona sar\u0131l\u0131p birka\u00e7 sat\u0131c\u0131y\u0131 arad\u0131m ve monit\u00f6r fiyat\u0131 almak istedim. Fakat Murphy&#8217;nin dedi\u011fi gibi&#8230;Muhakkak bir\u015fey demi\u015ftir nas\u0131l olsa&#8230; Piyasada monit\u00f6r yoktu. Allah\u0131m nas\u0131l olabilir b\u00f6yle bir\u015fey derken taaa Bak\u0131rk\u00f6y&#8217;de UFO bilgisayarda son bir tane bulabildim. Hemen ko\u015ftura ko\u015ftura gidip ald\u0131m onu ve nihayet Amigam\u0131 \u00e7al\u0131\u015ft\u0131rd\u0131m. \u0130lk oyunum da HOSTAGES oldu. Ger\u00e7ekten etkileyici bir a\u00e7\u0131l\u0131\u015f sahnesi vard\u0131. Konu\u015fmalar, animasyonlar&#8230; Amiga ile ya\u015fad\u0131klar\u0131m da en az CPC zaman\u0131 kadar hareketli idi. Birka\u00e7 \u00f6rnek vermek gerekirse; \u00d6mer \u00d6zkan ile Amiga D\u00fcnyas\u0131ndaki SCUD Computer ilan\u0131m\u0131z, 5.25 s\u00fcr\u00fcc\u00fc ile tan\u0131\u015fmam, Probe L\u00fctfi, Billur Ticaret H\u00fcseyin, yine \u00d6mer ile Amiga ticaretimiz, Raksotek kasetler&#8230; Yine bunlar\u0131 da ayr\u0131 ba\u015fl\u0131klarda anlat\u0131r\u0131m yeri gelince.<\/p>\n<p>PC ile ilk temas\u0131m 90&#8217;lar\u0131n hemen ba\u015f\u0131nda, e\u015f dost aras\u0131ndan ve Amiga D\u00fcnyas\u0131na verdi\u011fimiz SCUD Computer ilan\u0131ndan gelen birka\u00e7 ki\u015fiye toplama cihaz satmam ile ba\u015flad\u0131. Devir 286-386 devri idi ve sat\u0131yor olsam bile PCler minicik de olsa ilgimi \u00e7ekmiyordu. Asl\u0131nda kendisi ile ilk yak\u0131n temas\u0131m\u0131z 92 y\u0131l\u0131nda babam\u0131n at\u00f6lyeye CNC tezgah ve bununla kullanmak i\u00e7in okkal\u0131 bir PC almam\u0131zla ba\u015flad\u0131. Okkal\u0131 dedi\u011fim; 486DX-2 66 i\u015flemci(640$),\u00a0 250MB Hdd, 8MB Ram(buna da 500$ gibi bir\u015fey verdik). Yani toplamda 2500$ gibi bir\u015fey harcam\u0131\u015ft\u0131k o zaman. Ger\u00e7i bug\u00fcn de Cad-Cam ama\u00e7l\u0131 kallavi bir\u015fey alay\u0131m desen 2000$ lar\u0131 bulur.<\/p>\n<p>Doom ve CD-Rom gelince PC d\u00fcnyas\u0131 h\u0131zl\u0131 bir evrimin ilk sinyallerini verdi. 182$ a ald\u0131\u011f\u0131m 3h\u0131zl\u0131(evet 3 h\u0131zl\u0131) Mistumi marka CD-Rom ve 3Dfx Voodoo kartla beraber benim de PC d\u00fcnyas\u0131na gark olma d\u00f6nemim ba\u015flad\u0131. Zaten Amiga da o y\u0131llarda Commodore&#8217;un ya\u015fad\u0131\u011f\u0131 abuk sabuk problemlerden dolay\u0131 iyice sallanmaya ba\u015flam\u0131\u015ft\u0131.<\/p>\n<p>Evet, sizin de anlad\u0131\u011f\u0131n\u0131z, hatta b\u00fcy\u00fck ihtimal ayn\u0131s\u0131n\u0131 yapt\u0131\u011f\u0131n\u0131z gibi Amigam\u0131 t\u00fcm ekipmanlar\u0131 ve disketleri(700-800 kadar bir b\u00f6l\u00fcm\u00fc demo ama \u00e7evremde demo seven seyreden bir Allah\u0131n kulu bile olmad\u0131) ile paketleyip kald\u0131rd\u0131m. Ama t\u0131pk\u0131 CPC dergi ve kitaplar\u0131nda oldu\u011fu gibi Amiga&#8217;n\u0131n da yaz\u0131l\u0131 materyalini kolayca ula\u015fabilece\u011fim \u015fekilde saklad\u0131m ki can\u0131m istedik\u00e7e okuyabileyim. En az\u0131ndan bir m\u00fcddet b\u00f6yle gitti. Sonra gerek okul gerek i\u015f hayat\u0131 derken bunlar da yava\u015f yava\u015f daha derinlere do\u011fru gitmeye ba\u015flad\u0131.<\/p>\n<p>Sonra birg\u00fcn, sene 2004 Eyl\u00fcl-Ekim gibi, Google&#8217;da nereden akl\u0131ma geldiyse Bronx ve Zombie Boys yazmamla beraber film koptu. Yahu bir bakt\u0131m Tr-demoscene diye bir yer var ve eski Bronx tayfas\u0131 hatta daha da fazlas\u0131 burada konumlanm\u0131\u015f. Bir m\u00fcddet bu ve di\u011fer birka\u00e7 forumu takip ettim. Birka\u00e7 ay i\u00e7inde de Edinburgh&#8217;a gittim. D\u00f6n\u00fc\u015fte kald\u0131\u011f\u0131m yerden retro olaylar\u0131na tak\u0131lmaya ba\u015flad\u0131m. Tr-demoscene&#8217;den hemen sonra CGTR&#8217;yi buldum. Zaten bu ikisi bana yetti de artt\u0131 bile \ud83d\ude42<\/p>\n<p>Tabii i\u00e7imdeki k\u00fcle d\u00f6nm\u00fc\u015f ate\u015f tekrar alevlenince, hemen validenin eve gittim ve sordum: Valide benim dergiler, Amigalar, Amstradlar nerde? Ald\u0131\u011f\u0131m yan\u0131tsa b\u00fcy\u00fck bir h\u00fcsrand\u0131: Amigalar bodrumda galiba, \u00f6tekilerini att\u0131k. Amigalar\u0131n kurtuldu\u011funa m\u0131 sevineyim yoksa temin etmesi \u00e7ok daha zor olan CPC ve Amiga dok\u00fcmanlar\u0131ma m\u0131 \u00fczeleyim bilemiyorum&#8230;<\/p>\n<p>Bu geli\u015fmeden sonra forumlara eski dergilerimi toparlamak amac\u0131yla birka\u00e7 mesaj att\u0131m. \u015eunlar\u0131 \u015funlar\u0131 ar\u0131yorum dedim. A\u00e7\u0131kcas\u0131 pek olumlu yan\u0131t alamad\u0131m. Haliyle kimse elindeki dergileri satmak istemiyordu. Zaten CPC dergisi, kitab\u0131 olan da yoktu. Hatta CPCsi olan bile yoktu belki. Birka\u00e7 sat\u0131c\u0131 m\u00fcsveddesi hemen &#8220;sana CPCnin \u015fusunu ayarlayal\u0131m&#8221; falan diye yap\u0131\u015ft\u0131 ise de &#8220;yemezler&#8221; diyerek savd\u0131m ba\u015f\u0131mdan.<\/p>\n<p>Karar\u0131m\u0131 vermi\u015ftim. Eksik ekipman ve dok\u00fcmanlar\u0131m\u0131 ba\u015ftan toparlayacakt\u0131m. Hemen a\u00e7\u0131kart\u0131rma ve sat\u0131\u015f sitelerini taramaya ba\u015flad\u0131m. Nas\u0131l olsa ekipmanlar\u0131 al\u0131rken yan\u0131nda dergiler de gelir diye d\u00fc\u015f\u00fcn\u00fcyordum. Bu d\u00fc\u015f\u00fcncem bir yere kadar olumlu sonu\u00e7 verdi. Retro cihazlar\u0131 \u00f6zellikle bizzat kendi sahibinden almaya \u00e7al\u0131\u015ft\u0131m ve al\u0131rken de muhakkak dergi-kitap-kartu\u015f-kaset gibi bir\u015feyler de var m\u0131 diye sordum. Hatta hi\u00e7 unutmuyorum, bir tanesine \u015f\u00f6yle demi\u015ftim: Sen bir yata\u011f\u0131n alt\u0131na bak, orada Commodore dergileri vard\u0131r. Ertesi g\u00fcn adam bana \u015f\u00f6yle dedi: Evet ger\u00e7ekten de dergiler, 2 tane kartu\u015f ve ayr\u0131ca kasetler varm\u0131\u015f evde, ama yata\u011f\u0131n de\u011fil \u00e7ekyat\u0131n alt\u0131ndan \u00e7\u0131kt\u0131lar.<\/p>\n<p>Art\u0131k do\u011frudan sat\u0131\u015f ve a\u00e7\u0131kart\u0131rma siteleri kesmemeye ba\u015flam\u0131\u015ft\u0131. Akl\u0131m hep bitpazarlar\u0131nda idi ama Kad\u0131k\u00f6y Sal\u0131 pazar\u0131ndaki kapand\u0131ktan sonra ba\u015fka bildi\u011fim bitpazar\u0131 yoktu. Bir de y\u0131llar \u00f6ncesinden Topkap\u0131 F\u00fcze \u00e7ar\u015f\u0131s\u0131 vard\u0131. Ama oras\u0131 da tarumar olmu\u015ftu. Takip etti\u011fim forumlara &#8220;bitpazarlar\u0131 nerede&#8221; diye birka\u00e7 mesaj att\u0131m. Neredeyse s\u0131f\u0131ra yak\u0131n yan\u0131t geldi. Birka\u00e7 ki\u015fi de \u015furas\u0131 buras\u0131 dedi. Ama o \u015furas\u0131 ve buras\u0131 hakk\u0131nda detay yok. D\u00fc\u015f\u00fcnsenize koskoca semtte bitpazar\u0131n\u0131 nas\u0131l arayacaks\u0131n\u0131z? Sonra anlad\u0131m ki bu bitpazar\u0131 i\u015fi bir nevi Kutsal Bitpazar\u0131 Karde\u015fli\u011fi, Tap\u0131nak Bitpazarc\u0131lar\u0131 gibi yeminlerle korunan ve nesilden nesile aktar\u0131lan bir s\u0131rm\u0131\u015f. Neyse, bu arada Kemal ile tan\u0131\u015ft\u0131m. O da sa\u011folsun di\u011ferlerinin s\u00f6yledi\u011fi\u00a0 yerleri teyit etti ama onun bahsetti\u011fi yerler Avrupa yakas\u0131ndayd\u0131 ve bana da \u00e7ok yak\u0131n say\u0131lmazd\u0131. Ben de googlelamaya ba\u015flad\u0131m elimdeki \u00fcst\u00fcnk\u00f6r\u00fc bilgilerle.<\/p>\n<p>Ve bir pazar sabah\u0131 g\u00f6z\u00fcm\u00fc karart\u0131p ilk bitpazar\u0131 macerama giri\u015ftim. Sonu\u00e7 ba\u015far\u0131l\u0131 idi. Bir a500 adapt\u00f6r\u00fc ve mouse alm\u0131\u015ft\u0131m, hem de 3 liraya&#8230; Sonra devam\u0131 da geldi. Ba\u015fka bilgi k\u0131r\u0131nt\u0131lar\u0131 ile daha da bomba bir bitpazar\u0131na ula\u015ft\u0131m. Hem ikisi de burnumun dibinde idi. \u0130kinci ke\u015ffetti\u011fimden ilk ald\u0131\u011f\u0131m cihaz 7liraya Sinclair QL oldu. Yani bir nevi bomba&#8230;<\/p>\n<p>Tabii zaman ge\u00e7tik\u00e7e \u015funu farkettim ki; ba\u015fta ilgimi \u00e7ekmeyen di\u011fer cihazlar, hatta baz\u0131 konsollar bile cazip gelmeye ba\u015flam\u0131\u015ft\u0131. Di\u011fer yandan da hem bitten hem de forumdan bir s\u00fcr\u00fc de\u011fi\u015fik insanla tan\u0131\u015ft\u0131m. \u0130\u00e7lerinde d\u00fcnya iyisi olanlar da var \u00fc\u00e7ka\u011f\u0131t\u00e7\u0131n\u0131n a\u011fababas\u0131 olan da&#8230;<\/p>\n<p>\u0130\u015fte \u015fimdiye kadar &#8220;nereden \u00e7\u0131kt\u0131 bu retro sevdas\u0131?&#8221; konusunu izah etmeye \u00e7al\u0131\u015ft\u0131m. Peki neden bu kadar retro cihazla u\u011fra\u015f\u0131rken AMSTRAD CPC ismini \u00f6n plana \u00e7\u0131kard\u0131m? Asl\u0131nda bu sorunun yan\u0131t\u0131 basit: Seviyorum bu cihaz\u0131. Beni s\u00fcr\u00fcden ayr\u0131 tuttu, bir\u015feyler \u00f6\u011frenmemi sa\u011flad\u0131 hatta beni bu konuda zorlad\u0131. Ama geri kalmama sebep oldu\u011fu zamanlar da olmad\u0131 de\u011fil. Herkes C64 i\u00e7in t\u00fcrk\u00e7e, ingilizce binbir t\u00fcrl\u00fc kaynak bulurken biz maalesef yaz\u0131l\u0131 kaynak temin edemedik kolay kolay. \u0130\u015fte o zamanlar bulabildi\u011fim tek t\u00fck ingilizce kayna\u011fa \u015f\u00fckredip nereden \u00e7\u0131kt\u0131 bu frans\u0131zca derken, bug\u00fcn CPC konusunda googlelad\u0131\u011f\u0131n\u0131z zaman en doyurucu kaynaklar\u0131n frans\u0131zca ve ispanyolca olmas\u0131 beni oldu\u011fu kadar sizi de \u015fa\u015f\u0131rtacakt\u0131r. K\u0131sacas\u0131 ge\u00e7mi\u015f y\u0131llar\u0131n ac\u0131s\u0131n\u0131 \u00e7\u0131kart\u0131yorum. Repli\u011fim de \u015fu: Hat\u0131rlar m\u0131s\u0131n bir zamanlar elinde Langenscheidt dictionary ile Amstrad Computer User okumaya \u00e7al\u0131\u015fan 11 ya\u015f\u0131nda bir gen\u00e7 vard\u0131, o benim i\u015fte, s\u00f6yle mutlu musun, al sana ingilizce, al sana frans\u0131zca, al sana t\u00fcrk\u00e7e&#8230;<\/p>\n<p>Son olarak da izninizle &#8220;Neden Blog?&#8221; konusunda iki kelam edeyim de g\u00f6r\u00fcp g\u00f6rebilece\u011finiz en uzun Hakk\u0131nda yaz\u0131s\u0131 olsun bari.<\/p>\n<p>Retro alemine girince, her yeni cihazla beraber bir\u015feyleri de ara\u015ft\u0131r\u0131p \u00f6\u011frenmek zorunda kal\u0131yorsunuz. Bu tecr\u00fcbeleri de forumlarda ba\u015fkalar\u0131 ile payla\u015f\u0131yoruz. Ancak forumda yazmay\u0131 ne kadar sevsem de \u015funu farkettim ki, o kadar detay \u00fczerinde u\u011fra\u015f\u0131p payla\u015ft\u0131\u011f\u0131n\u0131z yaz\u0131lar di\u011ferleri aras\u0131nda kayboluyor. Evet yerleri belli ama \u00e7ok da kolay eri\u015filebilir de\u011fil. D\u00fc\u015f\u00fcnsenize, birisine faydal\u0131 olabilecek ba\u015fl\u0131\u011f\u0131n\u0131za ula\u015fabilmek i\u00e7in \u00f6nce \u015funlar a\u015f\u0131lmal\u0131:<\/p>\n<p>g\u00fcncel, sat\u0131l\u0131k,\u00a0 \ud83d\ude09 , az kullan\u0131lm\u0131\u015f, g\u00fcncel g\u00fcncel g\u00fcncel hala g\u00fcncel bak g\u00fcncel diyorum g\u00fcncel ulan, g\u00fcnceline bir sana iki, bak sana \u015fu cihaz\u0131 buldum-bulaca\u011f\u0131m-varm\u0131\u015f birinde art\u0131k \u00fc\u00e7ka\u011f\u0131tlar\u0131m\u0131 ho\u015f g\u00f6r\u00fcrs\u00fcnc\u00fcler, ben hardcore downloader\u0131m ben, sayg\u0131lar keep me roasted, tencere-kapak abi-karde\u015f sat\u0131c\u0131lar, dan\u0131\u015f\u0131kl\u0131 d\u00f6v\u00fc\u015f sat\u0131\u015f organizasyonlar\u0131, \u00f6zel mesajlar\u0131 okuyacak kadar aciz ruh hastas\u0131 ve bir baltaya sap olamam\u0131\u015f admin m\u00fcsveddeleri, kendimi kaybettim bulam\u0131yorum tekrar ba\u015flatsam vistada bir sorun ya\u015far m\u0131y\u0131m, avukats\u0131z \u00e7\u0131kmam abi \u00e7\u00fcnk\u00fc ben bir looser\u0131m, \u00fc\u00e7 gram akl\u0131m vard\u0131 o da Mame ayarlarken u\u00e7tu gitti nas\u0131l geri gelir, istenmiyorsam art\u0131k yazmayay\u0131m bari imza: k\u0131r\u0131lgan g\u00fcl&#8230;<\/p>\n<p>Hal b\u00f6yle olunca, dedim bari en az\u0131ndan kendi yazd\u0131klar\u0131m\u0131n bir k\u0131sm\u0131n\u0131 ve hatta di\u011fer ilgi alanlar\u0131mdan da baz\u0131lar\u0131n\u0131 burada payla\u015fay\u0131m. Bir de bunun \u00fczerine blog olay\u0131n\u0131n h\u0131zl\u0131, kolay ve tamamen kendi kontrol\u00fcn\u00fczde olmas\u0131n\u0131 ekleyin. <\/p>\n<p>Peki retro bilgisayarlara bu kadar vakit ay\u0131r\u0131yorum da ileride ne olacak? Birincisi bu cihazlarla u\u011fra\u015fmaktan b\u00fcy\u00fck keyif al\u0131yorum. U\u011fra\u015f\u0131rken bir s\u00fcr\u00fc \u015fey de \u00f6\u011freniyorum. K\u0131sacas\u0131 bu benim hobilerimden biri. Ama her i\u015fi oldu\u011fu bunu da biraz fazla ciddiye al\u0131yor ve tutkulu davran\u0131yor olabilirim \ud83d\ude42<\/p>\n<p>Di\u011fer taraftan, hem kendi hem de \u00e7al\u0131\u015ft\u0131\u011f\u0131m \u00fcniversitenin olanaklar\u0131n\u0131 g\u00f6z\u00f6n\u00fcnde bulundurarak ileride retro bilgisayarlar\u0131 sergileyebilece\u011fim hem sanal hem de ger\u00e7ek bir sergi d\u00fc\u015f\u00fcn\u00fcyorum. Tabii bunun \u00f6ncesinde, \u00e7al\u0131\u015fmalar\u0131na ba\u015flam\u0131\u015f oldu\u011fum Retro Bilgisayarlar \u00fczerine kitap projem var.<\/p>\n<p>Olay\u0131n \u00f6z\u00fc, \u00e7\u0131k\u0131\u015f noktas\u0131 budur. Biraz uzun oldu ama&#8230; Aras\u0131ra g\u00fcncellerim ben bu yaz\u0131y\u0131&#8230;<\/p>\n<p>Bu konularda s\u00f6yleyecek kel\u00e2m\u0131 olanlar i\u00e7in: 8bitmicro(i\u015fte malum i\u015faret)gmail.com<\/p>\n","protected":false},"excerpt":{"rendered":"<p>Hakk\u0131nda b\u00f6l\u00fcm\u00fcn\u00fc yazmak i\u00e7in elimi klavyeye att\u0131\u011f\u0131mda, yan\u0131tlamam gereken iki, hatta ikibu\u00e7uk temel soru oldu\u011funu farkettim. Birincisi &#8220;Nereden \u00e7\u0131kt\u0131 bu retro sevdas\u0131?&#8221; idi.1984&#8217;de Atari 2600(Meta \u00fcretimi ve birtek Dobi\u015fko kaseti) ile ba\u015flayan bilgisayar ve konsol maceram, 85 Haziran&#8217;\u0131nda Karak\u00f6y Kemeralt\u0131&#8217;ndan, babam\u0131n &#8220;hangisi daha iyi ve e\u011fitime faydal\u0131 olur&#8221; sorusuna sat\u0131c\u0131n\u0131n verdi\u011fi yan\u0131tla ald\u0131\u011f\u0131m\u0131z Amstrad CPC <a href='https:\/\/www.amstradcpc.com\/blog\/?page_id=2' class='excerpt-more'>[&#8230;]<\/a><\/p>\n","protected":false},"author":1,"featured_media":0,"parent":0,"menu_order":0,"comment_status":"open","ping_status":"open","template":"","meta":{"_monsterinsights_skip_tracking":false,"_monsterinsights_sitenote_active":false,"_monsterinsights_sitenote_note":"","_monsterinsights_sitenote_category":0,"footnotes":""},"class_list":["post-2","page","type-page","status-publish","hentry","category-1-id","post-seq-1","post-parity-odd","meta-position-corners","fix"],"_links":{"self":[{"href":"https:\/\/www.amstradcpc.com\/blog\/index.php?rest_route=\/wp\/v2\/pages\/2","targetHints":{"allow":["GET"]}}],"collection":[{"href":"https:\/\/www.amstradcpc.com\/blog\/index.php?rest_route=\/wp\/v2\/pages"}],"about":[{"href":"https:\/\/www.amstradcpc.com\/blog\/index.php?rest_route=\/wp\/v2\/types\/page"}],"author":[{"embeddable":true,"href":"https:\/\/www.amstradcpc.com\/blog\/index.php?rest_route=\/wp\/v2\/users\/1"}],"replies":[{"embeddable":true,"href":"https:\/\/www.amstradcpc.com\/blog\/index.php?rest_route=%2Fwp%2Fv2%2Fcomments&post=2"}],"version-history":[{"count":58,"href":"https:\/\/www.amstradcpc.com\/blog\/index.php?rest_route=\/wp\/v2\/pages\/2\/revisions"}],"predecessor-version":[{"id":692,"href":"https:\/\/www.amstradcpc.com\/blog\/index.php?rest_route=\/wp\/v2\/pages\/2\/revisions\/692"}],"wp:attachment":[{"href":"https:\/\/www.amstradcpc.com\/blog\/index.php?rest_route=%2Fwp%2Fv2%2Fmedia&parent=2"}],"curies":[{"name":"wp","href":"https:\/\/api.w.org\/{rel}","templated":true}]}}