{"id":426,"date":"2009-07-22T13:31:39","date_gmt":"2009-07-22T10:31:39","guid":{"rendered":"http:\/\/www.amstradcpc.com\/blog\/?page_id=426"},"modified":"2015-04-28T20:11:28","modified_gmt":"2015-04-28T18:11:28","slug":"aradiklarim","status":"publish","type":"page","link":"https:\/\/www.amstradcpc.com\/blog\/?page_id=426","title":{"rendered":"Arad\u0131klar\u0131m!"},"content":{"rendered":"<p>Marka ba\u011f\u0131ms\u0131z olarak her t\u00fcrl\u00fc retro bilgisayar(Amstrad-Commodore-Amiga-Msx-Sinclair-Dreamcast-N64-Snes-Atari-Vectrex-BBC-Oric-Thomson-Laser-TI-vb.) ve bunlara ait malzeme i\u015fime yarayabilir. Yeri geliyor tek bir kablo y\u00fcz\u00fcnden koskoca sistem at\u0131l durumda kal\u0131yor, Atariciler disket s\u00fcr\u00fcc\u00fc kablosundan dolay\u0131 bu durumu iyi bilirler. Tabii elimde ayn\u0131s\u0131ndan olmamas\u0131 ve fiyat\u0131n\u0131n da makul olmas\u0131 \u00f6nemli bir etken. Sadece donan\u0131m de\u011fil; kaset, disket, kartu\u015f, dergi, kitap gibi materyal de ar\u0131yorum. Hatta d\u00f6nemin isimlerinden biri(dergi y\u00f6neticisi-edit\u00f6r\/Mahmure Abla\/Osman Babao\u011flu\/\u00dcnsal \u00c7akmak\/Hamdi Mermut, firma sahibi\/Byte Derya abi\/Grand 64 Kemal\/Baki Temel\/, yazar\/Burak Kiper\/Ali Mutlu\/Misak Vartiko\u011flu\/Raffi Kavafyan\/An\u0131l G\u00fcl\/Vedat Halla\u00e7\/Tuna Ertemalp, programc\u0131\/Dr. Korhan S\u00f6kmen\/\u00c7i\u011fdem Erkol, vb.) iseniz, sizi de ar\u0131yorum \ud83d\ude42 \u0130simleri \u00f6rnek olarak verdim, o d\u00f6neme dair edecek kelam\u0131n\u0131z olmas\u0131 bana yeterli.<\/p>\n<p>\u00d6zellikle arad\u0131\u011f\u0131m dergiler \u015funlar:<\/p>\n<p><strong>64ler eksikler:<\/strong> 1,22,25,26,27,46,48,49<br \/>\n<strong>Commodore eksikler:<\/strong> 62,69,70,73<\/p>\n<p><strong>Commodore D\u00f6k\u00fcm Eki eksikler:<\/strong><br \/>\n50,56,57,58,59,60,62,64,65,67,69,70,71,72,73,74,76,77,78,79<\/p>\n<p><strong>Commodore Haberler eksikler:<\/strong>1,2,3,4,7,8<br \/>\n<strong>Commodore Amiga eksikler:<\/strong> 2,3,5,9<\/p>\n<p><strong>Commodore Amiga B\u00fclteni elimde olanlar(toplam 18 say\u0131 \u00e7\u0131km\u0131\u015f)<\/strong><br \/>\n1,2,3,4,5,15,16<\/p>\n<p><strong>Amiga Dergisi eksikler:<\/strong> 1<br \/>\n<strong>Survivor eksikler:<\/strong>2,3,4<br \/>\n<strong>Amiga Show eksikler:<\/strong>1,2<br \/>\n<strong>MEG Amiga eksikler:<\/strong>0,1,2,3,4,5,6<br \/>\n<strong>E\u011fitimde Bilgisayar eksikler:<\/strong>1,2,3,4,5,7,8,9,14,15,21,27,35,36,37<br \/>\n<strong>Amiga D\u00fcnyas\u0131 Eksikler:<\/strong>5,16,22,29,30<br \/>\n<strong>AC eksikler:<\/strong>1<\/p>\n<p><strong>Atari Bilgisayar Dergisi eksikler:<\/strong><br \/>\n1,6,7,8,9,10,11,13,20,21<\/p>\n<p><strong>Sizin Amstrad Dergisi eksikler:<\/strong>1,2,3,4,5,6,7<br \/>\n<strong>Mikroprogram eksikler:<\/strong>1,2<\/p>\n<p>Bu konularda s\u00f6yleyecek kel\u00e2m\u0131 olanlar i\u00e7in: 8bitmicro(i\u015fte malum i\u015faret)gmail.com<\/p>\n","protected":false},"excerpt":{"rendered":"<p>Marka ba\u011f\u0131ms\u0131z olarak her t\u00fcrl\u00fc retro bilgisayar(Amstrad-Commodore-Amiga-Msx-Sinclair-Dreamcast-N64-Snes-Atari-Vectrex-BBC-Oric-Thomson-Laser-TI-vb.) ve bunlara ait malzeme i\u015fime yarayabilir. Yeri geliyor tek bir kablo y\u00fcz\u00fcnden koskoca sistem at\u0131l durumda kal\u0131yor, Atariciler disket s\u00fcr\u00fcc\u00fc kablosundan dolay\u0131 bu durumu iyi bilirler. Tabii elimde ayn\u0131s\u0131ndan olmamas\u0131 ve fiyat\u0131n\u0131n da makul olmas\u0131 \u00f6nemli bir etken. Sadece donan\u0131m de\u011fil; kaset, disket, kartu\u015f, dergi, kitap gibi materyal <a href='https:\/\/www.amstradcpc.com\/blog\/?page_id=426' class='excerpt-more'>[&#8230;]<\/a><\/p>\n","protected":false},"author":1,"featured_media":0,"parent":0,"menu_order":0,"comment_status":"open","ping_status":"open","template":"","meta":{"_monsterinsights_skip_tracking":false,"_monsterinsights_sitenote_active":false,"_monsterinsights_sitenote_note":"","_monsterinsights_sitenote_category":0,"footnotes":""},"class_list":["post-426","page","type-page","status-publish","hentry","category-1-id","post-seq-1","post-parity-odd","meta-position-corners","fix"],"_links":{"self":[{"href":"https:\/\/www.amstradcpc.com\/blog\/index.php?rest_route=\/wp\/v2\/pages\/426","targetHints":{"allow":["GET"]}}],"collection":[{"href":"https:\/\/www.amstradcpc.com\/blog\/index.php?rest_route=\/wp\/v2\/pages"}],"about":[{"href":"https:\/\/www.amstradcpc.com\/blog\/index.php?rest_route=\/wp\/v2\/types\/page"}],"author":[{"embeddable":true,"href":"https:\/\/www.amstradcpc.com\/blog\/index.php?rest_route=\/wp\/v2\/users\/1"}],"replies":[{"embeddable":true,"href":"https:\/\/www.amstradcpc.com\/blog\/index.php?rest_route=%2Fwp%2Fv2%2Fcomments&post=426"}],"version-history":[{"count":20,"href":"https:\/\/www.amstradcpc.com\/blog\/index.php?rest_route=\/wp\/v2\/pages\/426\/revisions"}],"predecessor-version":[{"id":1399,"href":"https:\/\/www.amstradcpc.com\/blog\/index.php?rest_route=\/wp\/v2\/pages\/426\/revisions\/1399"}],"wp:attachment":[{"href":"https:\/\/www.amstradcpc.com\/blog\/index.php?rest_route=%2Fwp%2Fv2%2Fmedia&parent=426"}],"curies":[{"name":"wp","href":"https:\/\/api.w.org\/{rel}","templated":true}]}}